{"id":9007,"date":"2025-02-19T16:44:16","date_gmt":"2025-02-19T15:44:16","guid":{"rendered":"http:\/\/dst-org.de\/datenschutzerklaerung\/"},"modified":"2025-02-25T19:23:08","modified_gmt":"2025-02-25T18:23:08","slug":"datenschutzerklaerung","status":"publish","type":"page","link":"https:\/\/www.dst-org.de\/en\/datenschutzerklaerung\/","title":{"rendered":"Datenschutzerkl\u00e4rung"},"content":{"rendered":"\t\t<div data-elementor-type=\"wp-page\" data-elementor-id=\"9007\" class=\"elementor elementor-9007 elementor-862\" data-elementor-post-type=\"page\">\n\t\t\t\t<div class=\"elementor-element elementor-element-5898808 e-flex e-con-boxed e-con e-parent\" data-id=\"5898808\" data-element_type=\"container\" data-e-type=\"container\">\n\t\t\t\t\t<div class=\"e-con-inner\">\n\t\t\t\t<div class=\"elementor-element elementor-element-9f5a049 elementor-widget elementor-widget-text-editor\" data-id=\"9f5a049\" data-element_type=\"widget\" data-e-type=\"widget\" data-widget_type=\"text-editor.default\">\n\t\t\t\t<div class=\"elementor-widget-container\">\n\t\t\t\t\t\t\t\t\t<h2 style=\"margin: 0px 0px 15px; font-family: &quot;Droid Sans&quot;; color: rgb(51, 51, 51); line-height: 34px; font-size: 24px;\">Allgemeines zur Datenverarbeitung<\/h2>\n<p style=\"margin: 15px 0px; color: rgb(51, 51, 51); font-family: &quot;Droid Serif&quot;;\">Wir verarbeiten personenbezogene Daten unserer Nutzer grunds\u00e4tzlich nur, soweit dies zur Bereitstellung einer funktionsf\u00e4higen Website sowie unserer Inhalte und Leistungen erforderlich ist. Die personenbezogenen Daten der betroffenen Person werden gel\u00f6scht oder gesperrt, sobald der Zweck der Speicherung entf\u00e4llt.<\/p>\n<h2 style=\"margin: 25px 0px 15px; font-family: &quot;Droid Sans&quot;; color: rgb(51, 51, 51); line-height: 34px; font-size: 24px;\">Bereitstellung der Website und Erstellung von Logfiles<\/h2>\n<p style=\"margin: 15px 0px; color: rgb(51, 51, 51); font-family: &quot;Droid Serif&quot;;\">Bei jedem Aufruf unserer Internetseite erfasst unser System automatisiert Daten und Informationen.&nbsp; Die vor\u00fcbergehende Speicherung der IP-Adresse durch das System ist notwendig, um eine Auslieferung der Website an den Rechner des Nutzers zu erm\u00f6glichen. Wenn Sie unsere Webseite&nbsp; besuchen, speichert der Server in Logfiles die IP-Adresse, die aufgerufene Ressource, die abgerufene Datenmenge, das Datum, die Uhrzeit, den Browser,&nbsp; die Verweisadresse und das Endger\u00e4t. Diese Daten \u00fcbermittelt Ihr Browser an unseren Server.&nbsp; Sp\u00e4testens 14 Tage nach dem Besuch unserer Internetseite werden diese Daten gel\u00f6scht. Die Erfassung der Daten zur Bereitstellung der Website und die Speicherung der Daten in Logfiles ist f\u00fcr den Betrieb der Internetseite zwingend erforderlich, um dabei die Stabilit\u00e4t und Sicherheit zu gew\u00e4hrleisten (Art. 6 Abs. 1&nbsp; S.1 lit. f) DSGVO).&nbsp;<\/p>\n<h2 style=\"margin: 25px 0px 15px; font-family: &quot;Droid Sans&quot;; color: rgb(51, 51, 51); line-height: 34px; font-size: 24px;\">Verwendung von Cookies<\/h2>\n<p style=\"margin: 15px 0px; color: rgb(51, 51, 51); font-family: &quot;Droid Serif&quot;;\">Unsere Webseite verwendet Cookies. Bei Cookies handelt es sich um Textdateien, die im Internetbrowser bzw. vom Internetbrowser auf dem Computersystem des Nutzers gespeichert werden. Ruft ein Nutzer eine Website auf, so kann ein Cookie auf dem Betriebssystem des Nutzers gespeichert werden. Dieser Cookie enth\u00e4lt eine charakteristische Zeichenfolge, die eine eindeutige Identifizierung des Browsers beim erneuten Aufrufen der Website erm\u00f6glicht. Wir setzen Cookies ein, um unsere Website nutzerfreundlicher zu gestalten. Einige Elemente unserer Internetseite erfordern es, dass der aufrufende Browser auch nach einem Seitenwechsel identifiziert werden kann. Der Zweck der Verwendung technisch notwendiger Cookies ist, die Nutzung von Websites f\u00fcr die Nutzer zu vereinfachen. Die durch technisch notwendige Cookies erhobenen Nutzerdaten werden nicht zur Erstellung von Nutzerprofilen verwendet. Cookies werden auf dem Rechner des Nutzers gespeichert und von diesem an unserer Seite \u00fcbermittelt. Daher haben Sie als Nutzer auch die volle Kontrolle \u00fcber die Verwendung von Cookies. Durch eine \u00c4nderung der Einstellungen in Ihrem Internetbrowser k\u00f6nnen Sie die \u00dcbertragung von Cookies deaktivieren oder einschr\u00e4nken. Bereits gespeicherte Cookies k\u00f6nnen jederzeit gel\u00f6scht werden. Dies kann auch automatisiert erfolgen. Werden Cookies f\u00fcr unsere Website deaktiviert, k\u00f6nnen m\u00f6glicherweise nicht mehr alle Funktionen der Website vollumf\u00e4nglich genutzt werden.<\/p>\n<h2 style=\"margin: 25px 0px 15px; font-family: &quot;Droid Sans&quot;; color: rgb(51, 51, 51); line-height: 34px; font-size: 24px;\">E-Mail-Kontakt<\/h2>\n<p style=\"margin: 15px 0px; color: rgb(51, 51, 51); font-family: &quot;Droid Serif&quot;;\">Bei Kontaktaufnahme mit einer \u00fcber eine bereitgestellte E-Mail-Adresse werden die mit der E-Mail \u00fcbermittelten personenbezogenen Daten des Nutzers gespeichert. Es erfolgt in diesem Zusammenhang keine Weitergabe der Daten an Dritte. Die Daten werden ausschlie\u00dflich f\u00fcr die Verarbeitung der Konversation verwendet. Die Verarbeitung der personenbezogenen Daten aus der Eingabemaske dient uns allein zur Bearbeitung der Kontaktaufnahme. Im Falle einer Kontaktaufnahme per E-Mail liegt hieran auch das erforderliche berechtigte Interesse an der Verarbeitung der Daten. Die Daten werden gel\u00f6scht, sobald sie f\u00fcr die Erreichung des Zweckes ihrer Erhebung nicht mehr erforderlich sind. F\u00fcr die personenbezogenen Daten die per E-Mail \u00fcbersandt wurden, ist dies dann der Fall, wenn die jeweilige Konversation mit dem Nutzer beendet ist. Beendet ist die Konversation dann, wenn sich aus den Umst\u00e4nden entnehmen l\u00e4sst, dass der betroffene Sachverhalt abschlie\u00dfend gekl\u00e4rt ist. &nbsp;Der Nutzer hat jederzeit die M\u00f6glichkeit, seine Einwilligung zur Verarbeitung der personenbezogenen Daten zu widerrufen. Nimmt der Nutzer per E-Mail Kontakt mit uns auf, so kann er der Speicherung seiner personenbezogenen Daten jederzeit widersprechen. In einem solchen Fall kann die Konversation nicht fortgef\u00fchrt werden. Alle personenbezogenen Daten, die im Zuge der Kontaktaufnahme gespeichert wurden, werden in diesem Fall gel\u00f6scht.<\/p>\n<h2 style=\"margin: 25px 0px 15px; font-family: &quot;Droid Sans&quot;; color: rgb(51, 51, 51); line-height: 34px; font-size: 24px;\">Rechte der betroffenen Person<\/h2>\n<p style=\"margin: 15px 0px; color: rgb(51, 51, 51); font-family: &quot;Droid Serif&quot;;\">Werden personenbezogene Daten von Ihnen verarbeitet, sind Sie Betroffener i.S.d. DSGVO und es stehen Ihnen Rechte gegen\u00fcber dem Verantwortlichen zu. Sie k\u00f6nnen vom Verantwortlichen eine Best\u00e4tigung dar\u00fcber verlangen, ob personenbezogene Daten, die Sie betreffen, von uns verarbeitet werden. Sie haben ein Recht auf Berichtigung und\/oder Vervollst\u00e4ndigung gegen\u00fcber dem Verantwortlichen, sofern die verarbeiteten personenbezogenen Daten, die Sie betreffen, unrichtig oder unvollst\u00e4ndig sind. Unter den bestimmten Voraussetzungen k\u00f6nnen Sie die Einschr\u00e4nkung der Verarbeitung bzw. die L\u00f6schung &nbsp;der Sie betreffenden personenbezogenen Daten verlangen. Sie haben das Recht, aus Gr\u00fcnden, die sich aus ihrer besonderen Situation ergeben, jederzeit gegen die Verarbeitung der Sie betreffenden personenbezogenen Daten, die aufgrund von Art.&nbsp;6 Abs.&nbsp;1 lit.&nbsp;e oder f DSGVO erfolgt, Widerspruch einzulegen. Sie haben das Recht, Ihre datenschutzrechtliche Einwilligungserkl\u00e4rung jederzeit zu widerrufen. Unbeschadet eines anderweitigen verwaltungsrechtlichen oder gerichtlichen Rechtsbehelfs steht Ihnen das Recht auf Beschwerde bei einer Aufsichtsbeh\u00f6rde, insbesondere in dem Mitgliedstaat ihres Aufenthaltsorts, ihres Arbeitsplatzes oder des Orts des mutma\u00dflichen Versto\u00dfes, zu, wenn Sie der Ansicht sind, dass die Verarbeitung der Sie betreffenden personenbezogenen Daten gegen die DSGVO verst\u00f6\u00dft.<\/p>\n<h2 style=\"margin: 25px 0px 15px; font-family: &quot;Droid Sans&quot;; color: rgb(51, 51, 51); line-height: 34px; font-size: 24px;\">Name und Anschrift des Verantwortlichen<\/h2>\n<p style=\"margin: 15px 0px; color: rgb(51, 51, 51); font-family: &quot;Droid Serif&quot;;\">Der Verantwortliche im Sinne der Datenschutz-Grundverordnung und anderer nationaler Datenschutzgesetze der Mitgliedsstaaten sowie sonstiger datenschutzrechtlicher Bestimmungen ist das:<\/p>\n<p style=\"margin: 15px 0px; color: rgb(51, 51, 51); font-family: &quot;Droid Serif&quot;;\">DST \u2013 Entwicklungszentrum f\u00fcr Transportsysteme e. V.<br \/>Oststrasse 77<br \/>47057 Duisburg<\/p>\n<p style=\"margin: 15px 0px; color: rgb(51, 51, 51); font-family: &quot;Droid Serif&quot;;\">Tel.: 0203-99369-0<\/p>\n<p style=\"margin: 15px 0px; color: rgb(51, 51, 51); font-family: &quot;Droid Serif&quot;;\">E-Mail: dst@dst-org.de<br \/>Website: www.dst-org.de<\/p>\n<h3 style=\"margin: 25px 0px 15px; font-family: &quot;Droid Serif&quot;; color: rgb(51, 51, 51); font-size: 18px; line-height: 24px;\">Kontakt zum Datenschutzbeauftragten<\/h3>\n<p style=\"margin: 15px 0px; color: rgb(51, 51, 51); font-family: &quot;Droid Serif&quot;;\">Oststrasse 77<br \/>47057 Duisburg<\/p>\n<p style=\"margin: 15px 0px 0px; color: rgb(51, 51, 51); font-family: &quot;Droid Serif&quot;;\">Tel.: 0203 99369-22<br \/>E-Mail:&nbsp;<a href=\"mailto:datenschutz@dst-org.de\" style=\"background-image: initial; background-position: initial; background-size: initial; background-repeat: initial; background-attachment: initial; background-origin: initial; background-clip: initial; color: rgb(0, 57, 166); cursor: pointer;\">datenschutz@dst-org.de<\/a><\/p>\n\t\t\t\t\t\t\t\t<\/div>\n\t\t\t\t<\/div>\n\t\t\t\t\t<\/div>\n\t\t\t\t<\/div>\n\t\t\t\t<\/div>\n\t\t","protected":false},"excerpt":{"rendered":"<p>Allgemeines zur Datenverarbeitung Wir verarbeiten personenbezogene Daten unserer Nutzer grunds\u00e4tzlich nur, soweit dies zur Bereitstellung einer funktionsf\u00e4higen Website sowie unserer Inhalte und Leistungen erforderlich ist. Die personenbezogenen Daten der betroffenen Person werden gel\u00f6scht oder gesperrt, sobald der Zweck der Speicherung entf\u00e4llt. Bereitstellung der Website und Erstellung von Logfiles Bei jedem Aufruf unserer Internetseite erfasst unser [&hellip;]<\/p>\n","protected":false},"author":1,"featured_media":0,"parent":0,"menu_order":0,"comment_status":"closed","ping_status":"closed","template":"","meta":{"footnotes":""},"class_list":["post-9007","page","type-page","status-publish","hentry"],"_links":{"self":[{"href":"https:\/\/www.dst-org.de\/en\/wp-json\/wp\/v2\/pages\/9007","targetHints":{"allow":["GET"]}}],"collection":[{"href":"https:\/\/www.dst-org.de\/en\/wp-json\/wp\/v2\/pages"}],"about":[{"href":"https:\/\/www.dst-org.de\/en\/wp-json\/wp\/v2\/types\/page"}],"author":[{"embeddable":true,"href":"https:\/\/www.dst-org.de\/en\/wp-json\/wp\/v2\/users\/1"}],"replies":[{"embeddable":true,"href":"https:\/\/www.dst-org.de\/en\/wp-json\/wp\/v2\/comments?post=9007"}],"version-history":[{"count":1,"href":"https:\/\/www.dst-org.de\/en\/wp-json\/wp\/v2\/pages\/9007\/revisions"}],"predecessor-version":[{"id":9008,"href":"https:\/\/www.dst-org.de\/en\/wp-json\/wp\/v2\/pages\/9007\/revisions\/9008"}],"wp:attachment":[{"href":"https:\/\/www.dst-org.de\/en\/wp-json\/wp\/v2\/media?parent=9007"}],"curies":[{"name":"wp","href":"https:\/\/api.w.org\/{rel}","templated":true}]}}