{"id":9054,"date":"2025-02-19T14:55:48","date_gmt":"2025-02-19T13:55:48","guid":{"rendered":"http:\/\/dst-org.de\/services\/"},"modified":"2025-02-25T19:48:37","modified_gmt":"2025-02-25T18:48:37","slug":"services","status":"publish","type":"page","link":"https:\/\/www.dst-org.de\/en\/services\/","title":{"rendered":"Services"},"content":{"rendered":"\t\t<div data-elementor-type=\"wp-page\" data-elementor-id=\"9054\" class=\"elementor elementor-9054 elementor-103\" data-elementor-post-type=\"page\">\n\t\t\t\t<div class=\"elementor-element elementor-element-0f591fb e-flex e-con-boxed e-con e-parent\" data-id=\"0f591fb\" data-element_type=\"container\" data-e-type=\"container\">\n\t\t\t\t\t<div class=\"e-con-inner\">\n\t\t\t\t<div class=\"elementor-element elementor-element-9bb40b9 elementor-widget elementor-widget-text-editor\" data-id=\"9bb40b9\" data-element_type=\"widget\" data-e-type=\"widget\" data-widget_type=\"text-editor.default\">\n\t\t\t\t<div class=\"elementor-widget-container\">\n\t\t\t\t\t\t\t\t\t<p>Established as ship model basin, a main focus still is the development of ships for inland and coastal waters.\u00a0Moreover numerous research and development activities take place in other areas.<\/p><h2>Ship development<\/h2><p>In waters with restricted depth particular hydrodynamic problems arises. Before starting with elaborate studies for your ship project, you can take advice on the ship concept and the first draft. Within the first consulting optimization aims (low propulsion power, high manoeuvrability, high transport capacity etc.) and boundary conditions can be defined and prioritised. The optimization of the hull form, the appendages and the propulsion and manoeuvring systems under the given boundary conditions is carried out\u00a0usually in two steps: In the first step, a form optimization is performed using numerical methods (CFD). In the second step, model tests are performed to determine the quantitative exact values of the ship properties which\u00a0have to be optimized. The numerical or experimental investigations do not relate to the entire ship. Even improvements in small details, such as rudder assembly or tunnel design, can be of great benefit.<\/p><h2>Innovative hydrodynamic concepts<\/h2><p>Besides classic ship development DST is always open-minded to all conceivable, innovative hydrodynamic concepts and will assist you in research and investigation. This might be a complete vehicle type (e.g. wing-in-ground vessel Hoverwing), a new propulsor concept or a constructive improvement of the ship hull (flex-tunnel).<\/p><h2>Str\u00f6mungs- und Wellenenergieanlagen<\/h2><p>Ein weiteres T\u00e4tigkeitsgebiet liegt in der Untersuchung von Str\u00f6mungs- und Wellenenergieanlagen. Auch hier kommen numerische und\/oder experimentelle Methoden zum Einsatz. Die Versuchsanlagen des DST erlauben hier vielf\u00e4ltige Untersuchungen.<\/p><h2>Gro\u00dfversuche<\/h2><p>Nicht alle Fragestellungen k\u00f6nnen im Modellversuch beantwortet werden. In manchen F\u00e4llen kann\u00a0durch bestimmte Ma\u00dfstabseffekte bei der Prognose f\u00fcr die Gro\u00dfausf\u00fchrung\u00a0\u00a0auch nicht die gew\u00fcnschte Genauigkeit erreicht werden. In diesen F\u00e4llen f\u00fchren die Messtechniker des DST die Messungen an Bord Ihres Schiffes durch. \u00a0Hierbei kann es sich um einzelne Messfahrten, um ausf\u00fchrliche Messreihen oder um Langzeitmessungen handeln.<\/p><h2>Transportsysteme und Logistik<\/h2><p>Das Schiff\u00a0ist nicht nur ein Objekt, das in technischer Hinsicht untersucht wird, sondern auch ein Verkehrstr\u00e4ger. Als Glied der Transportkette kommt ihm eine wichtige Rolle zu. Im Fachbereich\u00a0Transportsysteme und Logistik werden die wirtschaftlichen und \u00f6kologische Aspekte umfassend behandelt.\u00a0Mit hochentwickelten Rechenmodellen k\u00f6nnen sowohl einzelne Schiffe als auch ganze Flotten in dieser Hinsicht untersucht werden.<\/p><h2>Simulator<\/h2><p>Der Schiffsf\u00fchrungssimulator SANDRA wird f\u00fcr vielf\u00e4ltige Aufgaben genutzt. Neben der Erstausbildung, die durch das Schifferberufskolleg Rhein durchgef\u00fchrt wird, werden Fort- und Weiterbildungskurse f\u00fcr erfahrene Schiffsf\u00fchrer durch den Bun\u00addes\u00adver\u00adban\u00addes der Deut\u00adschen Bin\u00adnen\u00adschiff\u00adfahrt e.V (BdB) und das DST durchgef\u00fchrt. Ein immer wichtiger werdendes Thema ist das energieeffiziente Fahren. Sie k\u00f6nnen aber auch ein\u00a0individuelles Training mit Ihren speziellen Schulungszielen erhalten.<\/p><p>Ein weiteres Einsatzgebiet sind Infrastrukturprojekte, bei denen die Befahrbarkeit untersucht und bewertet werden soll.<\/p><h2>Forschungsprojekte<\/h2><p>Zusammen mit nationalen und internationalen Partnern f\u00fchren wir laufend Forschungsvorhaben durch, die mit\u00a0Landes-, Bundes-\u00a0oder\u00a0europ\u00e4ischen Mitteln gef\u00f6rdert werden.<\/p><p>Sprechen Sie uns gerne an, wenn Sie f\u00fcr ein\u00a0Forschungsthema einen Partner suchen.<\/p>\t\t\t\t\t\t\t\t<\/div>\n\t\t\t\t<\/div>\n\t\t\t\t\t<\/div>\n\t\t\t\t<\/div>\n\t\t\t\t<\/div>\n\t\t","protected":false},"excerpt":{"rendered":"<p>Established as ship model basin, a main focus still is the development of ships for inland and coastal waters.\u00a0Moreover numerous research and development activities take place in other areas. Ship development In waters with restricted depth particular hydrodynamic problems arises. Before starting with elaborate studies for your ship project, you can take advice on the [&hellip;]<\/p>\n","protected":false},"author":1,"featured_media":0,"parent":0,"menu_order":0,"comment_status":"closed","ping_status":"closed","template":"","meta":{"footnotes":""},"class_list":["post-9054","page","type-page","status-publish","hentry"],"_links":{"self":[{"href":"https:\/\/www.dst-org.de\/en\/wp-json\/wp\/v2\/pages\/9054","targetHints":{"allow":["GET"]}}],"collection":[{"href":"https:\/\/www.dst-org.de\/en\/wp-json\/wp\/v2\/pages"}],"about":[{"href":"https:\/\/www.dst-org.de\/en\/wp-json\/wp\/v2\/types\/page"}],"author":[{"embeddable":true,"href":"https:\/\/www.dst-org.de\/en\/wp-json\/wp\/v2\/users\/1"}],"replies":[{"embeddable":true,"href":"https:\/\/www.dst-org.de\/en\/wp-json\/wp\/v2\/comments?post=9054"}],"version-history":[{"count":4,"href":"https:\/\/www.dst-org.de\/en\/wp-json\/wp\/v2\/pages\/9054\/revisions"}],"predecessor-version":[{"id":9058,"href":"https:\/\/www.dst-org.de\/en\/wp-json\/wp\/v2\/pages\/9054\/revisions\/9058"}],"wp:attachment":[{"href":"https:\/\/www.dst-org.de\/en\/wp-json\/wp\/v2\/media?parent=9054"}],"curies":[{"name":"wp","href":"https:\/\/api.w.org\/{rel}","templated":true}]}}